{"id":2372,"date":"2026-05-15T03:34:53","date_gmt":"2026-05-15T03:34:53","guid":{"rendered":"https:\/\/www.gph.vn\/?page_id=2372"},"modified":"2026-05-15T03:57:53","modified_gmt":"2026-05-15T03:57:53","slug":"catalogue","status":"publish","type":"page","link":"https:\/\/www.gph.vn\/vi\/catalogue\/","title":{"rendered":"Catalogue"},"content":{"rendered":"<div class=\"gp-cat-wrap\">\n<h2 class=\"gp-cat-title\"><\/h2>\n<div class=\"gp-cat-grid\">\n<div class=\"gp-cat-card\">\n<h3>Cigar Catalogue<\/h3>\n<p><strong>EN:<\/strong> Explore our curated cigar collection, featuring distinguished selections crafted for refined taste and authentic enjoyment.<\/p>\n<p><strong>VI:<\/strong> Kh\u00e1m ph\u00e1 b\u1ed9 s\u01b0u t\u1eadp x\u00ec g\u00e0 \u0111\u01b0\u1ee3c tuy\u1ec3n ch\u1ecdn, quy t\u1ee5 nh\u1eefng l\u1ef1a ch\u1ecdn \u0111\u1eb7c s\u1eafc d\u00e0nh cho gu th\u01b0\u1edfng th\u1ee9c tinh t\u1ebf v\u00e0 tr\u1ea3i nghi\u1ec7m nguy\u00ean b\u1ea3n.<\/p>\n<p><a class=\"gp-cat-btn\" href=\"https:\/\/drive.google.com\/file\/d\/178Ql_THNGPoCxzsIaG7UNO7-Hpk76CAR\/view\" target=\"_blank\" rel=\"noopener\">View Catalogue<\/a><\/p>\n<\/div>\n<div class=\"gp-cat-card\">\n<h3>Mini Cigar Catalogue<\/h3>\n<p><strong>EN:<\/strong> Discover a compact collection of mini cigars, selected for convenience, character, and everyday sophistication.<\/p>\n<p><strong>VI:<\/strong> Kh\u00e1m ph\u00e1 b\u1ed9 s\u01b0u t\u1eadp mini cigar nh\u1ecf g\u1ecdn, \u0111\u01b0\u1ee3c tuy\u1ec3n ch\u1ecdn cho s\u1ef1 ti\u1ec7n l\u1ee3i, c\u00e1 t\u00ednh v\u00e0 n\u00e9t tinh t\u1ebf trong t\u1eebng ng\u00e0y.<\/p>\n<p><a class=\"gp-cat-btn\" href=\"https:\/\/drive.google.com\/file\/d\/1SnhDkabKSQRdokjdVCVo8nffOVbLpf9l\/view\" target=\"_blank\" rel=\"noopener\">View Catalogue<\/a><\/p>\n<\/div>\n<\/div>\n<\/div>\n","protected":false},"excerpt":{"rendered":"<p>Cigar Catalogue EN: Explore our curated cigar collection, featuring distinguished selections crafted for refined taste and authentic enjoyment. VI: Kh\u00e1m ph\u00e1 b\u1ed9 s\u01b0u t\u1eadp x\u00ec g\u00e0 \u0111\u01b0\u1ee3c tuy\u1ec3n ch\u1ecdn, quy&#8230;<\/p>\n","protected":false},"author":826,"featured_media":0,"parent":0,"menu_order":0,"comment_status":"closed","ping_status":"closed","template":"","meta":{"inline_featured_image":false,"footnotes":""},"class_list":["post-2372","page","type-page","status-publish","hentry"],"yoast_head":"<!-- This site is optimized with the Yoast SEO plugin v27.6 - https:\/\/yoast.com\/product\/yoast-seo-wordpress\/ -->\n<title>Catalogue - Golden Phoenix<\/title>\n<meta name=\"robots\" content=\"index, follow, max-snippet:-1, max-image-preview:large, max-video-preview:-1\" \/>\n<link rel=\"canonical\" href=\"https:\/\/www.gph.vn\/catalogue\/\" \/>\n<meta property=\"og:locale\" content=\"en_US\" \/>\n<meta property=\"og:type\" content=\"article\" \/>\n<meta property=\"og:title\" content=\"Catalogue - Golden Phoenix\" \/>\n<meta property=\"og:description\" content=\"Cigar Catalogue EN: Explore our curated cigar collection, featuring distinguished selections crafted for refined taste and authentic enjoyment. VI: Kh\u00e1m ph\u00e1 b\u1ed9 s\u01b0u t\u1eadp x\u00ec g\u00e0 \u0111\u01b0\u1ee3c tuy\u1ec3n ch\u1ecdn, quy...\" \/>\n<meta property=\"og:url\" content=\"https:\/\/www.gph.vn\/catalogue\/\" \/>\n<meta property=\"og:site_name\" content=\"Golden Phoenix\" \/>\n<meta property=\"article:modified_time\" content=\"2026-05-15T03:57:53+00:00\" \/>\n<meta name=\"twitter:card\" content=\"summary_large_image\" \/>\n<meta name=\"twitter:label1\" content=\"Est. reading time\" \/>\n\t<meta name=\"twitter:data1\" content=\"1 minute\" \/>\n<script type=\"application\/ld+json\" class=\"yoast-schema-graph\">{\"@context\":\"https:\\\/\\\/schema.org\",\"@graph\":[{\"@type\":\"WebPage\",\"@id\":\"https:\\\/\\\/www.gph.vn\\\/catalogue\\\/\",\"url\":\"https:\\\/\\\/www.gph.vn\\\/catalogue\\\/\",\"name\":\"Catalogue - Golden Phoenix\",\"isPartOf\":{\"@id\":\"https:\\\/\\\/www.gph.vn\\\/#website\"},\"datePublished\":\"2026-05-15T03:34:53+00:00\",\"dateModified\":\"2026-05-15T03:57:53+00:00\",\"breadcrumb\":{\"@id\":\"https:\\\/\\\/www.gph.vn\\\/catalogue\\\/#breadcrumb\"},\"inLanguage\":\"vn\",\"potentialAction\":[{\"@type\":\"ReadAction\",\"target\":[\"https:\\\/\\\/www.gph.vn\\\/catalogue\\\/\"]}]},{\"@type\":\"BreadcrumbList\",\"@id\":\"https:\\\/\\\/www.gph.vn\\\/catalogue\\\/#breadcrumb\",\"itemListElement\":[{\"@type\":\"ListItem\",\"position\":1,\"name\":\"Home\",\"item\":\"https:\\\/\\\/www.gph.vn\\\/\"},{\"@type\":\"ListItem\",\"position\":2,\"name\":\"Catalogue\"}]},{\"@type\":\"WebSite\",\"@id\":\"https:\\\/\\\/www.gph.vn\\\/#website\",\"url\":\"https:\\\/\\\/www.gph.vn\\\/\",\"name\":\"Golden Phoenix\",\"description\":\"Vietnam company exclusive distributor of Habanos cigars and Diageo liquors\",\"publisher\":{\"@id\":\"https:\\\/\\\/www.gph.vn\\\/#organization\"},\"potentialAction\":[{\"@type\":\"SearchAction\",\"target\":{\"@type\":\"EntryPoint\",\"urlTemplate\":\"https:\\\/\\\/www.gph.vn\\\/?s={search_term_string}\"},\"query-input\":{\"@type\":\"PropertyValueSpecification\",\"valueRequired\":true,\"valueName\":\"search_term_string\"}}],\"inLanguage\":\"vn\"},{\"@type\":\"Organization\",\"@id\":\"https:\\\/\\\/www.gph.vn\\\/#organization\",\"name\":\"Golden Phoenix\",\"url\":\"https:\\\/\\\/www.gph.vn\\\/\",\"logo\":{\"@type\":\"ImageObject\",\"inLanguage\":\"vn\",\"@id\":\"https:\\\/\\\/www.gph.vn\\\/#\\\/schema\\\/logo\\\/image\\\/\",\"url\":\"https:\\\/\\\/www.gph.vn\\\/wp-content\\\/uploads\\\/2019\\\/08\\\/LOGO-GPH.png\",\"contentUrl\":\"https:\\\/\\\/www.gph.vn\\\/wp-content\\\/uploads\\\/2019\\\/08\\\/LOGO-GPH.png\",\"width\":191,\"height\":191,\"caption\":\"Golden Phoenix\"},\"image\":{\"@id\":\"https:\\\/\\\/www.gph.vn\\\/#\\\/schema\\\/logo\\\/image\\\/\"}}]}<\/script>\n<!-- \/ Yoast SEO plugin. -->","yoast_head_json":{"title":"Catalogue - Golden Phoenix","robots":{"index":"index","follow":"follow","max-snippet":"max-snippet:-1","max-image-preview":"max-image-preview:large","max-video-preview":"max-video-preview:-1"},"canonical":"https:\/\/www.gph.vn\/catalogue\/","og_locale":"en_US","og_type":"article","og_title":"Catalogue - Golden Phoenix","og_description":"Cigar Catalogue EN: Explore our curated cigar collection, featuring distinguished selections crafted for refined taste and authentic enjoyment. VI: Kh\u00e1m ph\u00e1 b\u1ed9 s\u01b0u t\u1eadp x\u00ec g\u00e0 \u0111\u01b0\u1ee3c tuy\u1ec3n ch\u1ecdn, quy...","og_url":"https:\/\/www.gph.vn\/catalogue\/","og_site_name":"Golden Phoenix","article_modified_time":"2026-05-15T03:57:53+00:00","twitter_card":"summary_large_image","twitter_misc":{"Est. reading time":"1 minute"},"schema":{"@context":"https:\/\/schema.org","@graph":[{"@type":"WebPage","@id":"https:\/\/www.gph.vn\/catalogue\/","url":"https:\/\/www.gph.vn\/catalogue\/","name":"Catalogue - Golden Phoenix","isPartOf":{"@id":"https:\/\/www.gph.vn\/#website"},"datePublished":"2026-05-15T03:34:53+00:00","dateModified":"2026-05-15T03:57:53+00:00","breadcrumb":{"@id":"https:\/\/www.gph.vn\/catalogue\/#breadcrumb"},"inLanguage":"vn","potentialAction":[{"@type":"ReadAction","target":["https:\/\/www.gph.vn\/catalogue\/"]}]},{"@type":"BreadcrumbList","@id":"https:\/\/www.gph.vn\/catalogue\/#breadcrumb","itemListElement":[{"@type":"ListItem","position":1,"name":"Home","item":"https:\/\/www.gph.vn\/"},{"@type":"ListItem","position":2,"name":"Catalogue"}]},{"@type":"WebSite","@id":"https:\/\/www.gph.vn\/#website","url":"https:\/\/www.gph.vn\/","name":"Golden Phoenix","description":"Vietnam company exclusive distributor of Habanos cigars and Diageo liquors","publisher":{"@id":"https:\/\/www.gph.vn\/#organization"},"potentialAction":[{"@type":"SearchAction","target":{"@type":"EntryPoint","urlTemplate":"https:\/\/www.gph.vn\/?s={search_term_string}"},"query-input":{"@type":"PropertyValueSpecification","valueRequired":true,"valueName":"search_term_string"}}],"inLanguage":"vn"},{"@type":"Organization","@id":"https:\/\/www.gph.vn\/#organization","name":"Golden Phoenix","url":"https:\/\/www.gph.vn\/","logo":{"@type":"ImageObject","inLanguage":"vn","@id":"https:\/\/www.gph.vn\/#\/schema\/logo\/image\/","url":"https:\/\/www.gph.vn\/wp-content\/uploads\/2019\/08\/LOGO-GPH.png","contentUrl":"https:\/\/www.gph.vn\/wp-content\/uploads\/2019\/08\/LOGO-GPH.png","width":191,"height":191,"caption":"Golden Phoenix"},"image":{"@id":"https:\/\/www.gph.vn\/#\/schema\/logo\/image\/"}}]}},"_links":{"self":[{"href":"https:\/\/www.gph.vn\/vi\/wp-json\/wp\/v2\/pages\/2372","targetHints":{"allow":["GET"]}}],"collection":[{"href":"https:\/\/www.gph.vn\/vi\/wp-json\/wp\/v2\/pages"}],"about":[{"href":"https:\/\/www.gph.vn\/vi\/wp-json\/wp\/v2\/types\/page"}],"author":[{"embeddable":true,"href":"https:\/\/www.gph.vn\/vi\/wp-json\/wp\/v2\/users\/826"}],"replies":[{"embeddable":true,"href":"https:\/\/www.gph.vn\/vi\/wp-json\/wp\/v2\/comments?post=2372"}],"version-history":[{"count":8,"href":"https:\/\/www.gph.vn\/vi\/wp-json\/wp\/v2\/pages\/2372\/revisions"}],"predecessor-version":[{"id":2378,"href":"https:\/\/www.gph.vn\/vi\/wp-json\/wp\/v2\/pages\/2372\/revisions\/2378"}],"wp:attachment":[{"href":"https:\/\/www.gph.vn\/vi\/wp-json\/wp\/v2\/media?parent=2372"}],"curies":[{"name":"wp","href":"https:\/\/api.w.org\/{rel}","templated":true}]}}