{"id":2135,"date":"2020-05-27T07:03:11","date_gmt":"2020-05-27T07:03:11","guid":{"rendered":"http:\/\/www.gph.vn\/?page_id=2135"},"modified":"2020-05-29T12:59:22","modified_gmt":"2020-05-29T12:59:22","slug":"diageo","status":"publish","type":"page","link":"https:\/\/www.gph.vn\/vi\/diageo\/","title":{"rendered":"Diageo"},"content":{"rendered":"<p><\/p>\n<p>Diageo l\u00e0 m\u1ed9t th\u01b0\u01a1ng hi\u1ec7u to\u00e0n c\u1ea7u h\u00e0ng \u0111\u1ea7u trong ng\u00e0nh c\u00f4ng nghi\u1ec7p \u0111\u1ed3 u\u1ed1ng c\u00f3 c\u1ed3n v\u1edbi c\u00e1c th\u01b0\u01a1ng hi\u1ec7u mang t\u00ednh bi\u1ec3u t\u01b0\u1ee3ng trong r\u01b0\u1ee3u m\u1ea1nh, bia v\u00e0 r\u01b0\u1ee3u vang. \u0110\u01b0a \u0111\u1ebfn cho ng\u01b0\u1eddi ti\u00eau d\u00f9ng s\u1ef1 l\u1ef1a ch\u1ecdn v\u00e0 ch\u1ea5t l\u01b0\u1ee3ng tr\u00ean c\u00e1c danh m\u1ee5c v\u00e0 \u0111i\u1ec3m gi\u00e1.<\/p>\n<p>S\u1ef1 ph\u00e1t tri\u1ec3n v\u01b0\u1ee3t tr\u1ed9i c\u1ee7a danh m\u1ee5c Reserve c\u1ee7a DIAGEO ,\u0111\u00e3 \u0111\u01b0\u1ee3c trao gi\u1ea3i th\u01b0\u1edfng b\u1ed9 s\u01b0u t\u1eadp b\u00e1n ch\u1ea1y nh\u1ea5t b\u1edfi \u2018World\u2019s Best Bars\u2019. Trong n\u0103m th\u1ee9 ba li\u00ean ti\u1ebfp, danh m\u1ee5c Reserve c\u1ee7a Diageo \u0111\u00e3 \u0111\u01b0\u1ee3c vinh danh l\u00e0 b\u1ed9 s\u01b0u t\u1eadp b\u00e1n ch\u1ea1y nh\u1ea5t trong B\u00e1o c\u00e1o v\u1ec1 th\u01b0\u01a1ng hi\u1ec7u r\u01b0\u1ee3u Qu\u1ed1c T\u1ebf.<\/p>\n<p>M\u1ed9t lo\u1ea1t c\u00e1c lo\u1ea1i r\u01b0\u1ee3u Whisky m\u1ea1ch nha \u0111\u01a1n (Single Malt) tuy\u1ec7t v\u1eddi bao g\u1ed3m Lagavulin, Talisker, Mortlach, Oban, Cragganmore v\u00e0 nhi\u1ec1u lo\u1ea1i kh\u00e1c v\u1edbi m\u1ed9t s\u1ed1 c\u01a1 h\u1ed9i ph\u00e2n b\u1ed5 phi\u00ean b\u1ea3n gi\u1edbi h\u1ea1n.<\/p>\n<p><\/p>","protected":false},"excerpt":{"rendered":"<p>Diageo l\u00e0 m\u1ed9t th\u01b0\u01a1ng hi\u1ec7u to\u00e0n c\u1ea7u h\u00e0ng \u0111\u1ea7u trong ng\u00e0nh c\u00f4ng nghi\u1ec7p \u0111\u1ed3 u\u1ed1ng c\u00f3 c\u1ed3n v\u1edbi c\u00e1c th\u01b0\u01a1ng hi\u1ec7u mang t\u00ednh bi\u1ec3u t\u01b0\u1ee3ng trong r\u01b0\u1ee3u m\u1ea1nh, bia v\u00e0&#8230;<\/p>\n","protected":false},"author":1,"featured_media":0,"parent":0,"menu_order":0,"comment_status":"closed","ping_status":"closed","template":"template-diageo.php","meta":{"inline_featured_image":false,"footnotes":""},"class_list":["post-2135","page","type-page","status-publish","hentry"],"yoast_head":"<!-- This site is optimized with the Yoast SEO plugin v26.8 - https:\/\/yoast.com\/product\/yoast-seo-wordpress\/ -->\n<title>Diageo - Golden Phoenix<\/title>\n<meta name=\"robots\" content=\"index, follow, max-snippet:-1, max-image-preview:large, max-video-preview:-1\" \/>\n<link rel=\"canonical\" href=\"https:\/\/www.gph.vn\/vi\/diageo\/\" \/>\n<meta property=\"og:locale\" content=\"en_US\" \/>\n<meta property=\"og:type\" content=\"article\" \/>\n<meta property=\"og:title\" content=\"Diageo - Golden Phoenix\" \/>\n<meta property=\"og:description\" content=\"Diageo l\u00e0 m\u1ed9t th\u01b0\u01a1ng hi\u1ec7u to\u00e0n c\u1ea7u h\u00e0ng \u0111\u1ea7u trong ng\u00e0nh c\u00f4ng nghi\u1ec7p \u0111\u1ed3 u\u1ed1ng c\u00f3 c\u1ed3n v\u1edbi c\u00e1c th\u01b0\u01a1ng hi\u1ec7u mang t\u00ednh bi\u1ec3u t\u01b0\u1ee3ng trong r\u01b0\u1ee3u m\u1ea1nh, bia v\u00e0...\" \/>\n<meta property=\"og:url\" content=\"https:\/\/www.gph.vn\/vi\/diageo\/\" \/>\n<meta property=\"og:site_name\" content=\"Golden Phoenix\" \/>\n<meta property=\"article:modified_time\" content=\"2020-05-29T12:59:22+00:00\" \/>\n<meta name=\"twitter:card\" content=\"summary_large_image\" \/>\n<meta name=\"twitter:label1\" content=\"Est. reading time\" \/>\n\t<meta name=\"twitter:data1\" content=\"2 minutes\" \/>\n<script type=\"application\/ld+json\" class=\"yoast-schema-graph\">{\"@context\":\"https:\/\/schema.org\",\"@graph\":[{\"@type\":\"WebPage\",\"@id\":\"https:\/\/www.gph.vn\/vi\/diageo\/\",\"url\":\"https:\/\/www.gph.vn\/vi\/diageo\/\",\"name\":\"Diageo - Golden Phoenix\",\"isPartOf\":{\"@id\":\"https:\/\/www.gph.vn\/#website\"},\"datePublished\":\"2020-05-27T07:03:11+00:00\",\"dateModified\":\"2020-05-29T12:59:22+00:00\",\"breadcrumb\":{\"@id\":\"https:\/\/www.gph.vn\/vi\/diageo\/#breadcrumb\"},\"inLanguage\":\"vn\",\"potentialAction\":[{\"@type\":\"ReadAction\",\"target\":[\"https:\/\/www.gph.vn\/vi\/diageo\/\"]}]},{\"@type\":\"BreadcrumbList\",\"@id\":\"https:\/\/www.gph.vn\/vi\/diageo\/#breadcrumb\",\"itemListElement\":[{\"@type\":\"ListItem\",\"position\":1,\"name\":\"Home\",\"item\":\"https:\/\/www.gph.vn\/\"},{\"@type\":\"ListItem\",\"position\":2,\"name\":\"Diageo\"}]},{\"@type\":\"WebSite\",\"@id\":\"https:\/\/www.gph.vn\/#website\",\"url\":\"https:\/\/www.gph.vn\/\",\"name\":\"Golden Phoenix\",\"description\":\"Vietnam company exclusive distributor of Habanos cigars and Diageo liquors\",\"publisher\":{\"@id\":\"https:\/\/www.gph.vn\/#organization\"},\"potentialAction\":[{\"@type\":\"SearchAction\",\"target\":{\"@type\":\"EntryPoint\",\"urlTemplate\":\"https:\/\/www.gph.vn\/?s={search_term_string}\"},\"query-input\":{\"@type\":\"PropertyValueSpecification\",\"valueRequired\":true,\"valueName\":\"search_term_string\"}}],\"inLanguage\":\"vn\"},{\"@type\":\"Organization\",\"@id\":\"https:\/\/www.gph.vn\/#organization\",\"name\":\"Golden Phoenix\",\"url\":\"https:\/\/www.gph.vn\/\",\"logo\":{\"@type\":\"ImageObject\",\"inLanguage\":\"vn\",\"@id\":\"https:\/\/www.gph.vn\/#\/schema\/logo\/image\/\",\"url\":\"https:\/\/www.gph.vn\/wp-content\/uploads\/2019\/08\/LOGO-GPH.png\",\"contentUrl\":\"https:\/\/www.gph.vn\/wp-content\/uploads\/2019\/08\/LOGO-GPH.png\",\"width\":191,\"height\":191,\"caption\":\"Golden Phoenix\"},\"image\":{\"@id\":\"https:\/\/www.gph.vn\/#\/schema\/logo\/image\/\"}}]}<\/script>\n<!-- \/ Yoast SEO plugin. -->","yoast_head_json":{"title":"Diageo - Golden Phoenix","robots":{"index":"index","follow":"follow","max-snippet":"max-snippet:-1","max-image-preview":"max-image-preview:large","max-video-preview":"max-video-preview:-1"},"canonical":"https:\/\/www.gph.vn\/vi\/diageo\/","og_locale":"en_US","og_type":"article","og_title":"Diageo - Golden Phoenix","og_description":"Diageo l\u00e0 m\u1ed9t th\u01b0\u01a1ng hi\u1ec7u to\u00e0n c\u1ea7u h\u00e0ng \u0111\u1ea7u trong ng\u00e0nh c\u00f4ng nghi\u1ec7p \u0111\u1ed3 u\u1ed1ng c\u00f3 c\u1ed3n v\u1edbi c\u00e1c th\u01b0\u01a1ng hi\u1ec7u mang t\u00ednh bi\u1ec3u t\u01b0\u1ee3ng trong r\u01b0\u1ee3u m\u1ea1nh, bia v\u00e0...","og_url":"https:\/\/www.gph.vn\/vi\/diageo\/","og_site_name":"Golden Phoenix","article_modified_time":"2020-05-29T12:59:22+00:00","twitter_card":"summary_large_image","twitter_misc":{"Est. reading time":"2 minutes"},"schema":{"@context":"https:\/\/schema.org","@graph":[{"@type":"WebPage","@id":"https:\/\/www.gph.vn\/vi\/diageo\/","url":"https:\/\/www.gph.vn\/vi\/diageo\/","name":"Diageo - Golden Phoenix","isPartOf":{"@id":"https:\/\/www.gph.vn\/#website"},"datePublished":"2020-05-27T07:03:11+00:00","dateModified":"2020-05-29T12:59:22+00:00","breadcrumb":{"@id":"https:\/\/www.gph.vn\/vi\/diageo\/#breadcrumb"},"inLanguage":"vn","potentialAction":[{"@type":"ReadAction","target":["https:\/\/www.gph.vn\/vi\/diageo\/"]}]},{"@type":"BreadcrumbList","@id":"https:\/\/www.gph.vn\/vi\/diageo\/#breadcrumb","itemListElement":[{"@type":"ListItem","position":1,"name":"Home","item":"https:\/\/www.gph.vn\/"},{"@type":"ListItem","position":2,"name":"Diageo"}]},{"@type":"WebSite","@id":"https:\/\/www.gph.vn\/#website","url":"https:\/\/www.gph.vn\/","name":"Golden Phoenix","description":"Vietnam company exclusive distributor of Habanos cigars and Diageo liquors","publisher":{"@id":"https:\/\/www.gph.vn\/#organization"},"potentialAction":[{"@type":"SearchAction","target":{"@type":"EntryPoint","urlTemplate":"https:\/\/www.gph.vn\/?s={search_term_string}"},"query-input":{"@type":"PropertyValueSpecification","valueRequired":true,"valueName":"search_term_string"}}],"inLanguage":"vn"},{"@type":"Organization","@id":"https:\/\/www.gph.vn\/#organization","name":"Golden Phoenix","url":"https:\/\/www.gph.vn\/","logo":{"@type":"ImageObject","inLanguage":"vn","@id":"https:\/\/www.gph.vn\/#\/schema\/logo\/image\/","url":"https:\/\/www.gph.vn\/wp-content\/uploads\/2019\/08\/LOGO-GPH.png","contentUrl":"https:\/\/www.gph.vn\/wp-content\/uploads\/2019\/08\/LOGO-GPH.png","width":191,"height":191,"caption":"Golden Phoenix"},"image":{"@id":"https:\/\/www.gph.vn\/#\/schema\/logo\/image\/"}}]}},"_links":{"self":[{"href":"https:\/\/www.gph.vn\/vi\/wp-json\/wp\/v2\/pages\/2135","targetHints":{"allow":["GET"]}}],"collection":[{"href":"https:\/\/www.gph.vn\/vi\/wp-json\/wp\/v2\/pages"}],"about":[{"href":"https:\/\/www.gph.vn\/vi\/wp-json\/wp\/v2\/types\/page"}],"author":[{"embeddable":true,"href":"https:\/\/www.gph.vn\/vi\/wp-json\/wp\/v2\/users\/1"}],"replies":[{"embeddable":true,"href":"https:\/\/www.gph.vn\/vi\/wp-json\/wp\/v2\/comments?post=2135"}],"version-history":[{"count":6,"href":"https:\/\/www.gph.vn\/vi\/wp-json\/wp\/v2\/pages\/2135\/revisions"}],"predecessor-version":[{"id":2286,"href":"https:\/\/www.gph.vn\/vi\/wp-json\/wp\/v2\/pages\/2135\/revisions\/2286"}],"wp:attachment":[{"href":"https:\/\/www.gph.vn\/vi\/wp-json\/wp\/v2\/media?parent=2135"}],"curies":[{"name":"wp","href":"https:\/\/api.w.org\/{rel}","templated":true}]}}