{"id":129,"date":"2019-02-18T12:20:41","date_gmt":"2019-02-18T12:20:41","guid":{"rendered":"http:\/\/www.gph.vn\/?page_id=129"},"modified":"2019-08-13T06:44:20","modified_gmt":"2019-08-13T06:44:20","slug":"authenticity-check","status":"publish","type":"page","link":"https:\/\/www.gph.vn\/vi\/authenticity-check\/","title":{"rendered":"Authenticity check"},"content":{"rendered":"<p><span style=\"font-family: Times New Roman, serif;\"><span lang=\"en-US\">Ki\u1ec3m tra t\u00ednh x\u00e1c th\u1ef1c<\/span><\/span><\/p>\n<p><span style=\"font-family: Times New Roman, serif;\"><span lang=\"en-US\">Tem b\u1ea3o h\u00e0nh m\u1edbi \u0111\u00e3 v\u00e0 \u0111ang \u0111\u01b0\u1ee3c gi\u1edbi thi\u1ec7u trong t\u1ea5t c\u1ea3 c\u00e1c bao b\u00ec co\u0301 th\u00eam hai y\u1ebfu t\u1ed1 m\u1edbi. B\u00ean ph\u1ea3i s\u1ebd \u0111\u01b0\u1ee3c th\u00eam m\u1ed9t h\u00ecnh ba chi\u1ec1u b\u1ea3o \u0111\u1ea3m v\u00e0 \u1edf b\u00ean tr\u00e1i, b\u00ean c\u1ea1nh Cote d\u00b4 Arms, l\u00e0 m\u00e3 v\u1ea1ch d\u00e0nh ri\u00eang cho m\u1ed7i g\u00f3i h\u00e0ng.<\/span><\/span><\/p>\n<p><a href=\"http:\/\/www.gph.vn\/wp-content\/uploads\/2019\/03\/Layer_93-1.png\"><img loading=\"lazy\" decoding=\"async\" class=\"aligncenter wp-image-578 size-full\" src=\"http:\/\/www.gph.vn\/wp-content\/uploads\/2019\/03\/Layer_93-1.png\" alt=\"\" width=\"800\" height=\"234\" srcset=\"https:\/\/www.gph.vn\/wp-content\/uploads\/2019\/03\/Layer_93-1.png 800w, https:\/\/www.gph.vn\/wp-content\/uploads\/2019\/03\/Layer_93-1-300x88.png 300w, https:\/\/www.gph.vn\/wp-content\/uploads\/2019\/03\/Layer_93-1-768x225.png 768w\" sizes=\"auto, (max-width: 800px) 100vw, 800px\" \/><\/a><\/p>\n<p><span style=\"font-family: Times New Roman, serif;\"><span lang=\"en-US\">Tem b\u1ea3o h\u00e0nh m\u1edbi n\u00e0y \u0111\u00e3 \u0111\u01b0\u1ee3c ph\u00e1t tri\u1ec3n d\u1ef1a tr\u00ean gi\u1ea5y t\u1ed5ng h\u1ee3p c\u00e1c \u0111\u1eb7c t\u00ednh \u0111\u1eb7c bi\u1ec7t nh\u01b0 t\u00ednh n\u0103ng t\u1ef1 h\u1ee7y khi b\u1ecb c\u1ed1 \u00fd g\u1ee1 tem v\u00e0 m\u1ed9t s\u1ed1 k\u1ef9 thu\u1eadt b\u1ea3o m\u1eadt t\u1ed1i \u01b0u m\u1edbi c\u0169ng \u0111\u01b0\u1ee3c th\u00eam v\u00e0o. <\/span><\/span><\/p>\n<ul>\n<li><span style=\"font-family: Times New Roman, serif;\"><span lang=\"en-US\">Nh\u00e3n kh\u00f4ng th\u00e1o r\u1eddi. N\u1ebfu c\u1ed1 \u00fd g\u1ee1 nh\u00e3n s\u1ebd l\u00e0m v\u00f4 hi\u1ec7u tem do t\u1ef1 h\u1ee7y.<\/span><\/span><\/li>\n<li><span style=\"font-family: Times New Roman, serif;\"><span lang=\"en-US\">\u0110\u1ed9 b\u00e1m d\u00ednh cao c\u1ee7a gi\u1ea5y (nh\u1ef1a) t\u1ef1 h\u1ee7y<\/span><\/span><\/li>\n<li><span style=\"font-family: Times New Roman, serif;\"><span lang=\"en-US\">H\u1ec7 th\u1ed1ng b\u1ea3o v\u1ec7 qu\u00e9t v\u00e0 sao ch\u1ee5p.<\/span><\/span><\/li>\n<li><span style=\"font-family: Times New Roman, serif;\"><span lang=\"en-US\">D\u1ea3i h\u00ecnh ba chi\u1ec1u s\u1ebd hi\u1ec3n th\u1ecb v\u0103n b\u1ea3n hai m\u00e0u \u1edf chi\u1ec1u th\u1ee9 2 v\u00e0 th\u1ee9 3.<\/span><\/span><\/li>\n<li><span style=\"font-family: Times New Roman, serif;\"><span lang=\"en-US\">C\u00e1c y\u1ebfu t\u1ed1 c\u00f3 bi\u1ebfn th\u1ec3 quang.<\/span><\/span><\/li>\n<li><span style=\"font-family: Times New Roman, serif;\"><span lang=\"en-US\">Ngo\u00e0i ra, c\u00f2n c\u00f3 m\u1ed9t ch\u1ea5m nh\u1ecf ch\u1ec9 c\u00f3 th\u1ec3 nh\u00ecn th\u1ea5y qua m\u00e1y qu\u00e9t laser.<\/span><\/span><\/li>\n<\/ul>\n<p><a href=\"http:\/\/www.gph.vn\/wp-content\/uploads\/2019\/03\/Layer_95.png\"><img loading=\"lazy\" decoding=\"async\" class=\"aligncenter wp-image-570 size-full\" src=\"http:\/\/www.gph.vn\/wp-content\/uploads\/2019\/03\/Layer_95.png\" alt=\"\" width=\"565\" height=\"393\" srcset=\"https:\/\/www.gph.vn\/wp-content\/uploads\/2019\/03\/Layer_95.png 565w, https:\/\/www.gph.vn\/wp-content\/uploads\/2019\/03\/Layer_95-300x209.png 300w\" sizes=\"auto, (max-width: 565px) 100vw, 565px\" \/><\/a><\/p>\n<p><span style=\"font-family: Times New Roman, serif;\"><span lang=\"en-US\">M\u1eb7t kh\u00e1c, m\u00e3 v\u1ea1ch duy nh\u1ea5t s\u1ebd \u0111\u01b0\u1ee3c d\u00e1n l\u00ean m\u1ed7i h\u1ed9p l\u1ebb, do \u0111\u00f3 t\u00f9y ch\u1ec9nh m\u1ecdi bao b\u00ec. Th\u00f4ng tin n\u00e0y s\u1ebd \u0111\u01b0\u1ee3c l\u01b0u trong c\u01a1 s\u1edf d\u1eef li\u1ec7u cho ph\u00e9p nh\u1eadn d\u1ea1ng s\u1ea3n ph\u1ea9m n\u00e0y \u1edf b\u1ea5t k\u1ef3 n\u01a1i n\u00e0o ma\u0300 s\u1ea3n ph\u1ea9m n\u00e0y \u0111\u01b0\u1ee3c g\u1eedi \u0111\u1ebfn c\u0169ng nh\u01b0 s\u1ed1 H\u00f3a \u0111\u01a1n, c\u00f9ng v\u1edbi c\u00e1c chi ti\u1ebft kh\u00e1c.<\/span><\/span><\/p>\n<p><span style=\"font-family: Times New Roman, serif;\"><span lang=\"en-US\">Trong c\u00e1c trang n\u00e0y, ba\u0323n c\u00f3 th\u1ec3 ki\u1ec3m tra xem s\u1ea3n ph\u1ea9m m\u00e0 ba\u0323n c\u1ea7n x\u00e1c th\u1ef1c c\u00f3 ph\u1ea3i l\u00e0 lo\u1ea1i x\u00ec g\u00e0 Habanos h\u1ee3p ph\u00e1p hay kh\u00f4ng.<\/span><\/span><\/p>\n<p><span style=\"font-family: Times New Roman, serif;\"><span lang=\"en-US\">\u0110\u1ec3 x\u00e1c th\u1ef1c, ba\u0323n n\u00ean truy c\u1eadp v\u00e0o li\u00ean k\u1ebft \u201c\u0110\u0103ng nh\u1eadp \u0111\u1ec3 Ki\u1ec3m tra X\u00e1c th\u1ef1c\u201d xu\u1ea5t hi\u1ec7n trong trang n\u00e0y, s\u1ebd c\u00f3 m\u1eabu h\u01b0\u1edbng d\u1eabn b\u1ea1n nh\u1eadp m\u00e3 s\u1ea3n ph\u1ea9m c\u1ea7n x\u00e1c minh.<\/span><\/span><\/p>\n<p><span style=\"font-family: Times New Roman, serif;\"><span lang=\"en-US\">M\u1ed7i h\u1ed9p c\u00f3 th\u00eam m\u1ed9t con d\u1ea5u do C\u00f4ng Ty TNHH Golden Phoenix Vietnam cung c\u1ea5p, \u0111\u1ea3m b\u1ea3o ch\u1ea5t l\u01b0\u1ee3ng s\u1ea3n ph\u1ea9m v\u00e0 x\u00ec g\u00e0 Habanos ch\u00ednh h\u00e3ng 100%.<\/span><\/span><\/p>\n<p>&nbsp;<\/p>","protected":false},"excerpt":{"rendered":"<p>Ki\u1ec3m tra t\u00ednh x\u00e1c th\u1ef1c Tem b\u1ea3o h\u00e0nh m\u1edbi \u0111\u00e3 v\u00e0 \u0111ang \u0111\u01b0\u1ee3c gi\u1edbi thi\u1ec7u trong t\u1ea5t c\u1ea3 c\u00e1c bao b\u00ec co\u0301 th\u00eam hai y\u1ebfu t\u1ed1 m\u1edbi. B\u00ean ph\u1ea3i s\u1ebd&#8230;<\/p>\n","protected":false},"author":1,"featured_media":0,"parent":0,"menu_order":0,"comment_status":"closed","ping_status":"closed","template":"template-authenticity.php","meta":{"inline_featured_image":false,"footnotes":""},"class_list":["post-129","page","type-page","status-publish","hentry"],"yoast_head":"<!-- This site is optimized with the Yoast SEO plugin v26.8 - https:\/\/yoast.com\/product\/yoast-seo-wordpress\/ -->\n<title>Authenticity check - Golden Phoenix<\/title>\n<meta name=\"robots\" content=\"index, follow, max-snippet:-1, max-image-preview:large, max-video-preview:-1\" \/>\n<link rel=\"canonical\" href=\"https:\/\/www.gph.vn\/vi\/authenticity-check\/\" \/>\n<meta property=\"og:locale\" content=\"en_US\" \/>\n<meta property=\"og:type\" content=\"article\" \/>\n<meta property=\"og:title\" content=\"Authenticity check - Golden Phoenix\" \/>\n<meta property=\"og:description\" content=\"Ki\u1ec3m tra t\u00ednh x\u00e1c th\u1ef1c Tem b\u1ea3o h\u00e0nh m\u1edbi \u0111\u00e3 v\u00e0 \u0111ang \u0111\u01b0\u1ee3c gi\u1edbi thi\u1ec7u trong t\u1ea5t c\u1ea3 c\u00e1c bao b\u00ec co\u0301 th\u00eam hai y\u1ebfu t\u1ed1 m\u1edbi. B\u00ean ph\u1ea3i s\u1ebd...\" \/>\n<meta property=\"og:url\" content=\"https:\/\/www.gph.vn\/vi\/authenticity-check\/\" \/>\n<meta property=\"og:site_name\" content=\"Golden Phoenix\" \/>\n<meta property=\"article:modified_time\" content=\"2019-08-13T06:44:20+00:00\" \/>\n<meta property=\"og:image\" content=\"https:\/\/www.gph.vn\/wp-content\/uploads\/2019\/03\/Layer_93-1.png\" \/>\n\t<meta property=\"og:image:width\" content=\"800\" \/>\n\t<meta property=\"og:image:height\" content=\"234\" \/>\n\t<meta property=\"og:image:type\" content=\"image\/png\" \/>\n<meta name=\"twitter:card\" content=\"summary_large_image\" \/>\n<meta name=\"twitter:label1\" content=\"Est. reading time\" \/>\n\t<meta name=\"twitter:data1\" content=\"4 minutes\" \/>\n<script type=\"application\/ld+json\" class=\"yoast-schema-graph\">{\"@context\":\"https:\/\/schema.org\",\"@graph\":[{\"@type\":\"WebPage\",\"@id\":\"https:\/\/www.gph.vn\/vi\/authenticity-check\/\",\"url\":\"https:\/\/www.gph.vn\/vi\/authenticity-check\/\",\"name\":\"Authenticity check - Golden Phoenix\",\"isPartOf\":{\"@id\":\"https:\/\/www.gph.vn\/#website\"},\"primaryImageOfPage\":{\"@id\":\"https:\/\/www.gph.vn\/vi\/authenticity-check\/#primaryimage\"},\"image\":{\"@id\":\"https:\/\/www.gph.vn\/vi\/authenticity-check\/#primaryimage\"},\"thumbnailUrl\":\"http:\/\/www.gph.vn\/wp-content\/uploads\/2019\/03\/Layer_93-1.png\",\"datePublished\":\"2019-02-18T12:20:41+00:00\",\"dateModified\":\"2019-08-13T06:44:20+00:00\",\"breadcrumb\":{\"@id\":\"https:\/\/www.gph.vn\/vi\/authenticity-check\/#breadcrumb\"},\"inLanguage\":\"vn\",\"potentialAction\":[{\"@type\":\"ReadAction\",\"target\":[\"https:\/\/www.gph.vn\/vi\/authenticity-check\/\"]}]},{\"@type\":\"ImageObject\",\"inLanguage\":\"vn\",\"@id\":\"https:\/\/www.gph.vn\/vi\/authenticity-check\/#primaryimage\",\"url\":\"http:\/\/www.gph.vn\/wp-content\/uploads\/2019\/03\/Layer_93-1.png\",\"contentUrl\":\"http:\/\/www.gph.vn\/wp-content\/uploads\/2019\/03\/Layer_93-1.png\"},{\"@type\":\"BreadcrumbList\",\"@id\":\"https:\/\/www.gph.vn\/vi\/authenticity-check\/#breadcrumb\",\"itemListElement\":[{\"@type\":\"ListItem\",\"position\":1,\"name\":\"Home\",\"item\":\"https:\/\/www.gph.vn\/\"},{\"@type\":\"ListItem\",\"position\":2,\"name\":\"Authenticity check\"}]},{\"@type\":\"WebSite\",\"@id\":\"https:\/\/www.gph.vn\/#website\",\"url\":\"https:\/\/www.gph.vn\/\",\"name\":\"Golden Phoenix\",\"description\":\"Vietnam company exclusive distributor of Habanos cigars and Diageo liquors\",\"publisher\":{\"@id\":\"https:\/\/www.gph.vn\/#organization\"},\"potentialAction\":[{\"@type\":\"SearchAction\",\"target\":{\"@type\":\"EntryPoint\",\"urlTemplate\":\"https:\/\/www.gph.vn\/?s={search_term_string}\"},\"query-input\":{\"@type\":\"PropertyValueSpecification\",\"valueRequired\":true,\"valueName\":\"search_term_string\"}}],\"inLanguage\":\"vn\"},{\"@type\":\"Organization\",\"@id\":\"https:\/\/www.gph.vn\/#organization\",\"name\":\"Golden Phoenix\",\"url\":\"https:\/\/www.gph.vn\/\",\"logo\":{\"@type\":\"ImageObject\",\"inLanguage\":\"vn\",\"@id\":\"https:\/\/www.gph.vn\/#\/schema\/logo\/image\/\",\"url\":\"https:\/\/www.gph.vn\/wp-content\/uploads\/2019\/08\/LOGO-GPH.png\",\"contentUrl\":\"https:\/\/www.gph.vn\/wp-content\/uploads\/2019\/08\/LOGO-GPH.png\",\"width\":191,\"height\":191,\"caption\":\"Golden Phoenix\"},\"image\":{\"@id\":\"https:\/\/www.gph.vn\/#\/schema\/logo\/image\/\"}}]}<\/script>\n<!-- \/ Yoast SEO plugin. -->","yoast_head_json":{"title":"Authenticity check - Golden Phoenix","robots":{"index":"index","follow":"follow","max-snippet":"max-snippet:-1","max-image-preview":"max-image-preview:large","max-video-preview":"max-video-preview:-1"},"canonical":"https:\/\/www.gph.vn\/vi\/authenticity-check\/","og_locale":"en_US","og_type":"article","og_title":"Authenticity check - Golden Phoenix","og_description":"Ki\u1ec3m tra t\u00ednh x\u00e1c th\u1ef1c Tem b\u1ea3o h\u00e0nh m\u1edbi \u0111\u00e3 v\u00e0 \u0111ang \u0111\u01b0\u1ee3c gi\u1edbi thi\u1ec7u trong t\u1ea5t c\u1ea3 c\u00e1c bao b\u00ec co\u0301 th\u00eam hai y\u1ebfu t\u1ed1 m\u1edbi. B\u00ean ph\u1ea3i s\u1ebd...","og_url":"https:\/\/www.gph.vn\/vi\/authenticity-check\/","og_site_name":"Golden Phoenix","article_modified_time":"2019-08-13T06:44:20+00:00","og_image":[{"width":800,"height":234,"url":"https:\/\/www.gph.vn\/wp-content\/uploads\/2019\/03\/Layer_93-1.png","type":"image\/png"}],"twitter_card":"summary_large_image","twitter_misc":{"Est. reading time":"4 minutes"},"schema":{"@context":"https:\/\/schema.org","@graph":[{"@type":"WebPage","@id":"https:\/\/www.gph.vn\/vi\/authenticity-check\/","url":"https:\/\/www.gph.vn\/vi\/authenticity-check\/","name":"Authenticity check - Golden Phoenix","isPartOf":{"@id":"https:\/\/www.gph.vn\/#website"},"primaryImageOfPage":{"@id":"https:\/\/www.gph.vn\/vi\/authenticity-check\/#primaryimage"},"image":{"@id":"https:\/\/www.gph.vn\/vi\/authenticity-check\/#primaryimage"},"thumbnailUrl":"http:\/\/www.gph.vn\/wp-content\/uploads\/2019\/03\/Layer_93-1.png","datePublished":"2019-02-18T12:20:41+00:00","dateModified":"2019-08-13T06:44:20+00:00","breadcrumb":{"@id":"https:\/\/www.gph.vn\/vi\/authenticity-check\/#breadcrumb"},"inLanguage":"vn","potentialAction":[{"@type":"ReadAction","target":["https:\/\/www.gph.vn\/vi\/authenticity-check\/"]}]},{"@type":"ImageObject","inLanguage":"vn","@id":"https:\/\/www.gph.vn\/vi\/authenticity-check\/#primaryimage","url":"http:\/\/www.gph.vn\/wp-content\/uploads\/2019\/03\/Layer_93-1.png","contentUrl":"http:\/\/www.gph.vn\/wp-content\/uploads\/2019\/03\/Layer_93-1.png"},{"@type":"BreadcrumbList","@id":"https:\/\/www.gph.vn\/vi\/authenticity-check\/#breadcrumb","itemListElement":[{"@type":"ListItem","position":1,"name":"Home","item":"https:\/\/www.gph.vn\/"},{"@type":"ListItem","position":2,"name":"Authenticity check"}]},{"@type":"WebSite","@id":"https:\/\/www.gph.vn\/#website","url":"https:\/\/www.gph.vn\/","name":"Golden Phoenix","description":"Vietnam company exclusive distributor of Habanos cigars and Diageo liquors","publisher":{"@id":"https:\/\/www.gph.vn\/#organization"},"potentialAction":[{"@type":"SearchAction","target":{"@type":"EntryPoint","urlTemplate":"https:\/\/www.gph.vn\/?s={search_term_string}"},"query-input":{"@type":"PropertyValueSpecification","valueRequired":true,"valueName":"search_term_string"}}],"inLanguage":"vn"},{"@type":"Organization","@id":"https:\/\/www.gph.vn\/#organization","name":"Golden Phoenix","url":"https:\/\/www.gph.vn\/","logo":{"@type":"ImageObject","inLanguage":"vn","@id":"https:\/\/www.gph.vn\/#\/schema\/logo\/image\/","url":"https:\/\/www.gph.vn\/wp-content\/uploads\/2019\/08\/LOGO-GPH.png","contentUrl":"https:\/\/www.gph.vn\/wp-content\/uploads\/2019\/08\/LOGO-GPH.png","width":191,"height":191,"caption":"Golden Phoenix"},"image":{"@id":"https:\/\/www.gph.vn\/#\/schema\/logo\/image\/"}}]}},"_links":{"self":[{"href":"https:\/\/www.gph.vn\/vi\/wp-json\/wp\/v2\/pages\/129","targetHints":{"allow":["GET"]}}],"collection":[{"href":"https:\/\/www.gph.vn\/vi\/wp-json\/wp\/v2\/pages"}],"about":[{"href":"https:\/\/www.gph.vn\/vi\/wp-json\/wp\/v2\/types\/page"}],"author":[{"embeddable":true,"href":"https:\/\/www.gph.vn\/vi\/wp-json\/wp\/v2\/users\/1"}],"replies":[{"embeddable":true,"href":"https:\/\/www.gph.vn\/vi\/wp-json\/wp\/v2\/comments?post=129"}],"version-history":[{"count":21,"href":"https:\/\/www.gph.vn\/vi\/wp-json\/wp\/v2\/pages\/129\/revisions"}],"predecessor-version":[{"id":1566,"href":"https:\/\/www.gph.vn\/vi\/wp-json\/wp\/v2\/pages\/129\/revisions\/1566"}],"wp:attachment":[{"href":"https:\/\/www.gph.vn\/vi\/wp-json\/wp\/v2\/media?parent=129"}],"curies":[{"name":"wp","href":"https:\/\/api.w.org\/{rel}","templated":true}]}}