{"id":108,"date":"2019-02-18T07:31:16","date_gmt":"2019-02-18T07:31:16","guid":{"rendered":"http:\/\/www.gph.vn\/?page_id=108"},"modified":"2019-12-10T07:28:03","modified_gmt":"2019-12-10T07:28:03","slug":"brands","status":"publish","type":"page","link":"https:\/\/www.gph.vn\/vi\/brands\/","title":{"rendered":"Brands"},"content":{"rendered":"<p>H\u01a0N 200 N\u0102M TR\u00d4I QUA K\u1ec2 T\u1eea KHI NH\u00c3N HI\u1ec6U HABANOI L\u1ea6N \u0110\u1ea6U \u0110\u01af\u1ee2C \u0110\u0102NG K\u00dd\u2026<\/p>\n<p>\u2026v\u00f4 s\u1ed1 th\u01b0\u01a1ng hi\u1ec7u m\u1edbi v\u00e0 s\u00e1ng t\u1ea1o \u0111\u00e3 \u0111\u01b0\u1ee3c s\u1ea3n xu\u1ea5t t\u1ea1i Cuba \u0111\u1ec3 \u0111\u00e1p \u1ee9ng th\u1ecb hi\u1ebfu, phong c\u00e1ch v\u00e0 gi\u00e1 c\u1ea3 kh\u00e1c nhau theo nhu c\u1ea7u c\u1ee7a nh\u1eefng ng\u01b0\u1eddi h\u00fat thu\u1ed1c tr\u00ean to\u00e0n th\u1ebf gi\u1edbi.<\/p>\n<p>Ng\u00e0y nay c\u00f3 27 th\u01b0\u01a1ng hi\u1ec7u \u0111\u01b0\u1ee3c b\u1ea3o h\u1ed9 b\u1edfi \u0110\u1ea1o lu\u1eadt Xu\u1ea5t x\u1ee9 \u0111\u01b0\u1ee3c b\u1ea3o v\u1ec7 b\u1edfi H\u1ed9i \u0111\u1ed3ng \u0110\u1ecbnh v\u1ecb xu\u1ea5t x\u1ee9 \u0111\u01b0\u1ee3c b\u1ea3o h\u1ed9 (D.O.P.) Habanos.<\/p>","protected":false},"excerpt":{"rendered":"<p>H\u01a0N 200 N\u0102M TR\u00d4I QUA K\u1ec2 T\u1eea KHI NH\u00c3N HI\u1ec6U HABANOI L\u1ea6N \u0110\u1ea6U \u0110\u01af\u1ee2C \u0110\u0102NG K\u00dd\u2026 \u2026v\u00f4 s\u1ed1 th\u01b0\u01a1ng hi\u1ec7u m\u1edbi v\u00e0 s\u00e1ng t\u1ea1o \u0111\u00e3 \u0111\u01b0\u1ee3c s\u1ea3n xu\u1ea5t t\u1ea1i Cuba&#8230;<\/p>\n","protected":false},"author":1,"featured_media":0,"parent":0,"menu_order":0,"comment_status":"closed","ping_status":"closed","template":"template-brands.php","meta":{"inline_featured_image":false,"footnotes":""},"class_list":["post-108","page","type-page","status-publish","hentry"],"yoast_head":"<!-- This site is optimized with the Yoast SEO plugin v26.8 - https:\/\/yoast.com\/product\/yoast-seo-wordpress\/ -->\n<title>Brands - Golden Phoenix<\/title>\n<meta name=\"robots\" content=\"index, follow, max-snippet:-1, max-image-preview:large, max-video-preview:-1\" \/>\n<link rel=\"canonical\" href=\"https:\/\/www.gph.vn\/brands\/\" \/>\n<meta property=\"og:locale\" content=\"en_US\" \/>\n<meta property=\"og:type\" content=\"article\" \/>\n<meta property=\"og:title\" content=\"Brands - Golden Phoenix\" \/>\n<meta property=\"og:description\" content=\"H\u01a0N 200 N\u0102M TR\u00d4I QUA K\u1ec2 T\u1eea KHI NH\u00c3N HI\u1ec6U HABANOI L\u1ea6N \u0110\u1ea6U \u0110\u01af\u1ee2C \u0110\u0102NG K\u00dd\u2026 \u2026v\u00f4 s\u1ed1 th\u01b0\u01a1ng hi\u1ec7u m\u1edbi v\u00e0 s\u00e1ng t\u1ea1o \u0111\u00e3 \u0111\u01b0\u1ee3c s\u1ea3n xu\u1ea5t t\u1ea1i Cuba...\" \/>\n<meta property=\"og:url\" content=\"https:\/\/www.gph.vn\/brands\/\" \/>\n<meta property=\"og:site_name\" content=\"Golden Phoenix\" \/>\n<meta property=\"article:modified_time\" content=\"2019-12-10T07:28:03+00:00\" \/>\n<meta name=\"twitter:card\" content=\"summary_large_image\" \/>\n<meta name=\"twitter:label1\" content=\"Est. reading time\" \/>\n\t<meta name=\"twitter:data1\" content=\"1 minute\" \/>\n<script type=\"application\/ld+json\" class=\"yoast-schema-graph\">{\"@context\":\"https:\/\/schema.org\",\"@graph\":[{\"@type\":\"WebPage\",\"@id\":\"https:\/\/www.gph.vn\/brands\/\",\"url\":\"https:\/\/www.gph.vn\/brands\/\",\"name\":\"Brands - Golden Phoenix\",\"isPartOf\":{\"@id\":\"https:\/\/www.gph.vn\/#website\"},\"datePublished\":\"2019-02-18T07:31:16+00:00\",\"dateModified\":\"2019-12-10T07:28:03+00:00\",\"breadcrumb\":{\"@id\":\"https:\/\/www.gph.vn\/brands\/#breadcrumb\"},\"inLanguage\":\"vn\",\"potentialAction\":[{\"@type\":\"ReadAction\",\"target\":[\"https:\/\/www.gph.vn\/brands\/\"]}]},{\"@type\":\"BreadcrumbList\",\"@id\":\"https:\/\/www.gph.vn\/brands\/#breadcrumb\",\"itemListElement\":[{\"@type\":\"ListItem\",\"position\":1,\"name\":\"Home\",\"item\":\"https:\/\/www.gph.vn\/\"},{\"@type\":\"ListItem\",\"position\":2,\"name\":\"Brands\"}]},{\"@type\":\"WebSite\",\"@id\":\"https:\/\/www.gph.vn\/#website\",\"url\":\"https:\/\/www.gph.vn\/\",\"name\":\"Golden Phoenix\",\"description\":\"Vietnam company exclusive distributor of Habanos cigars and Diageo liquors\",\"publisher\":{\"@id\":\"https:\/\/www.gph.vn\/#organization\"},\"potentialAction\":[{\"@type\":\"SearchAction\",\"target\":{\"@type\":\"EntryPoint\",\"urlTemplate\":\"https:\/\/www.gph.vn\/?s={search_term_string}\"},\"query-input\":{\"@type\":\"PropertyValueSpecification\",\"valueRequired\":true,\"valueName\":\"search_term_string\"}}],\"inLanguage\":\"vn\"},{\"@type\":\"Organization\",\"@id\":\"https:\/\/www.gph.vn\/#organization\",\"name\":\"Golden Phoenix\",\"url\":\"https:\/\/www.gph.vn\/\",\"logo\":{\"@type\":\"ImageObject\",\"inLanguage\":\"vn\",\"@id\":\"https:\/\/www.gph.vn\/#\/schema\/logo\/image\/\",\"url\":\"https:\/\/www.gph.vn\/wp-content\/uploads\/2019\/08\/LOGO-GPH.png\",\"contentUrl\":\"https:\/\/www.gph.vn\/wp-content\/uploads\/2019\/08\/LOGO-GPH.png\",\"width\":191,\"height\":191,\"caption\":\"Golden Phoenix\"},\"image\":{\"@id\":\"https:\/\/www.gph.vn\/#\/schema\/logo\/image\/\"}}]}<\/script>\n<!-- \/ Yoast SEO plugin. -->","yoast_head_json":{"title":"Brands - Golden Phoenix","robots":{"index":"index","follow":"follow","max-snippet":"max-snippet:-1","max-image-preview":"max-image-preview:large","max-video-preview":"max-video-preview:-1"},"canonical":"https:\/\/www.gph.vn\/brands\/","og_locale":"en_US","og_type":"article","og_title":"Brands - Golden Phoenix","og_description":"H\u01a0N 200 N\u0102M TR\u00d4I QUA K\u1ec2 T\u1eea KHI NH\u00c3N HI\u1ec6U HABANOI L\u1ea6N \u0110\u1ea6U \u0110\u01af\u1ee2C \u0110\u0102NG K\u00dd\u2026 \u2026v\u00f4 s\u1ed1 th\u01b0\u01a1ng hi\u1ec7u m\u1edbi v\u00e0 s\u00e1ng t\u1ea1o \u0111\u00e3 \u0111\u01b0\u1ee3c s\u1ea3n xu\u1ea5t t\u1ea1i Cuba...","og_url":"https:\/\/www.gph.vn\/brands\/","og_site_name":"Golden Phoenix","article_modified_time":"2019-12-10T07:28:03+00:00","twitter_card":"summary_large_image","twitter_misc":{"Est. reading time":"1 minute"},"schema":{"@context":"https:\/\/schema.org","@graph":[{"@type":"WebPage","@id":"https:\/\/www.gph.vn\/brands\/","url":"https:\/\/www.gph.vn\/brands\/","name":"Brands - Golden Phoenix","isPartOf":{"@id":"https:\/\/www.gph.vn\/#website"},"datePublished":"2019-02-18T07:31:16+00:00","dateModified":"2019-12-10T07:28:03+00:00","breadcrumb":{"@id":"https:\/\/www.gph.vn\/brands\/#breadcrumb"},"inLanguage":"vn","potentialAction":[{"@type":"ReadAction","target":["https:\/\/www.gph.vn\/brands\/"]}]},{"@type":"BreadcrumbList","@id":"https:\/\/www.gph.vn\/brands\/#breadcrumb","itemListElement":[{"@type":"ListItem","position":1,"name":"Home","item":"https:\/\/www.gph.vn\/"},{"@type":"ListItem","position":2,"name":"Brands"}]},{"@type":"WebSite","@id":"https:\/\/www.gph.vn\/#website","url":"https:\/\/www.gph.vn\/","name":"Golden Phoenix","description":"Vietnam company exclusive distributor of Habanos cigars and Diageo liquors","publisher":{"@id":"https:\/\/www.gph.vn\/#organization"},"potentialAction":[{"@type":"SearchAction","target":{"@type":"EntryPoint","urlTemplate":"https:\/\/www.gph.vn\/?s={search_term_string}"},"query-input":{"@type":"PropertyValueSpecification","valueRequired":true,"valueName":"search_term_string"}}],"inLanguage":"vn"},{"@type":"Organization","@id":"https:\/\/www.gph.vn\/#organization","name":"Golden Phoenix","url":"https:\/\/www.gph.vn\/","logo":{"@type":"ImageObject","inLanguage":"vn","@id":"https:\/\/www.gph.vn\/#\/schema\/logo\/image\/","url":"https:\/\/www.gph.vn\/wp-content\/uploads\/2019\/08\/LOGO-GPH.png","contentUrl":"https:\/\/www.gph.vn\/wp-content\/uploads\/2019\/08\/LOGO-GPH.png","width":191,"height":191,"caption":"Golden Phoenix"},"image":{"@id":"https:\/\/www.gph.vn\/#\/schema\/logo\/image\/"}}]}},"_links":{"self":[{"href":"https:\/\/www.gph.vn\/vi\/wp-json\/wp\/v2\/pages\/108","targetHints":{"allow":["GET"]}}],"collection":[{"href":"https:\/\/www.gph.vn\/vi\/wp-json\/wp\/v2\/pages"}],"about":[{"href":"https:\/\/www.gph.vn\/vi\/wp-json\/wp\/v2\/types\/page"}],"author":[{"embeddable":true,"href":"https:\/\/www.gph.vn\/vi\/wp-json\/wp\/v2\/users\/1"}],"replies":[{"embeddable":true,"href":"https:\/\/www.gph.vn\/vi\/wp-json\/wp\/v2\/comments?post=108"}],"version-history":[{"count":9,"href":"https:\/\/www.gph.vn\/vi\/wp-json\/wp\/v2\/pages\/108\/revisions"}],"predecessor-version":[{"id":1995,"href":"https:\/\/www.gph.vn\/vi\/wp-json\/wp\/v2\/pages\/108\/revisions\/1995"}],"wp:attachment":[{"href":"https:\/\/www.gph.vn\/vi\/wp-json\/wp\/v2\/media?parent=108"}],"curies":[{"name":"wp","href":"https:\/\/api.w.org\/{rel}","templated":true}]}}